{"id":933,"date":"2020-08-13T07:27:32","date_gmt":"2020-08-13T07:27:32","guid":{"rendered":"https:\/\/ceramicaferres.com\/privacy-policy\/"},"modified":"2025-12-15T09:12:02","modified_gmt":"2025-12-15T09:12:02","slug":"politica-de-privacitat","status":"publish","type":"page","link":"https:\/\/ceramicaferres.com\/ca\/politica-de-privacitat\/","title":{"rendered":"Pol\u00edtica de privacitat"},"content":{"rendered":"\n<h3 class=\"wp-block-heading\">Pol\u00edtica de privacitat<\/h3>\n\n\n\n<p><strong>INTRODUCCI\u00d3<\/strong><\/p>\n\n\n\n<p>La seva privacitat \u00e9s important per a nosaltres, aix\u00ed que mitjan\u00e7ant aquest document us expliquem quines dades recollim dels usuaris, com els utilitzem i per a qu\u00e8, entre d&#8217;altres indicacions.<\/p>\n\n\n\n<p>Per a la seva informaci\u00f3, mai demanarem m\u00e9s informaci\u00f3 de la que realment necessitarem pels serveis requerits; mai la compartirem amb tercers, excepte per obligaci\u00f3 legal o amb la seva autoritzaci\u00f3 pr\u00e8via; i mai utilitzarem les seves dades per a una altra finalitat no indicada pr\u00e8viament.<\/p>\n\n\n\n<p>Com a usuaris, haur\u00e0 de llegir atentament aquesta Pol\u00edtica de privacitat de manera regular i sempre que introdueixi les seves dades personals, ja que aquest document pot patir modificacions per que el prestador pot modificar qualsevol tipus d&#8217;informaci\u00f3 que pogu\u00e9s apar\u00e8ixer al web per complir amb la normativa o actualitzar la pol\u00edtica, i sense que hi hagi l&#8217;obligaci\u00f3 de preavisar o posar en coneixement dels usuaris aquestes obligacions, sent suficient la publicaci\u00f3 al lloc web del prestador.<\/p>\n\n\n\n<p><strong>RESPONSABLE DEL TRACTAMENT:<\/strong><\/p>\n\n\n\n<p>Identitat:<strong>\u00a0CER\u00c0MICA FERR\u00c9S, S.L. <\/strong>(tamb\u00e9 el prestador)<br>NIF:<strong> B17031824<\/strong><br>Adre\u00e7a postal:<strong>\u00a0Crta. C-66, km.12, 17121, Cor\u00e7\u00e0, Girona<\/strong><br>Correu electr\u00f2nic: <a href=\"mailto:info@ceramicaferres.com\"><strong>info@ceramicaferres.com<\/strong><\/a><strong>\u00a0<\/strong><\/p>\n\n\n\n<p><strong>CER\u00c0MICA FERR\u00c9S, S.L., <\/strong>com a responsable del lloc web, de conformitat amb el que disposa el Reglament (UE) 2016\/679 de 27 d&#8217;abril de 2016 (RGPD) relatiu a la protecci\u00f3 de les persones f\u00edsiques pel que fa al tractament de dades personals i a la lliure circulaci\u00f3 d&#8217;aquestes dades i la resta de normativa vigent en mat\u00e8ria de protecci\u00f3 de dades personals, i per la Llei 34\/2002, de 11 de juliol, de Serveis de la Societat de la Informaci\u00f3 i del Comer\u00e7 Electr\u00f2nic (LSSICE), li informa que t\u00e9 implementades les mesures de seguretat necess\u00e0ries, d\u2019\u00edndole t\u00e8cnica i organitzatives, per a garantir i protegir la confidencialitat, integritat i disponibilitat de les dades introdu\u00efdes.<\/p>\n\n\n\n<p><strong>M\u00c8TODES D&#8217; OBTENCI\u00d3 DE LES DADES, QUINES DADES RECAVEM i LA SEVA FINALITAT:<\/strong><\/p>\n\n\n\n<p>Les dades que recollim, la forma en qu\u00e8 les obtenim i la finalitat del tractament \u00e9s la seg\u00fcent:<\/p>\n\n\n\n<ol class=\"wp-block-list\">\n<li><strong>Formulari de contacte i\/o requeriment d&#8217;informaci\u00f3:<\/strong><br>\u00b7 Dades requerides: nom, mail, professi\u00f3;<br>\u00b7 Finalitat: per respondre a les consultes i\/o proporcionar informacions requerides per l&#8217;Usuari;<br>\u00b7 Legitimaci\u00f3: consentiment de l&#8217; Usuari.<\/li>\n\n\n\n<li><strong>Mitjan\u00e7ant el formulari d&#8217; &#8220;\u00e0rea professional&#8221;:<\/strong><br>\u00b7 Dades requerides: nom, email, professi\u00f3;<br>\u00b7 Finalitat: per a la creaci\u00f3 d&#8217; un compte d&#8217; usuari i pugui accedir a les funcionalitats del web;<br>\u00b7 Legitimaci\u00f3: consentiment de l&#8217; Usuari.<\/li>\n\n\n\n<li><strong>Formulari de subscripci\u00f3 a la newsletter<\/strong>:<br>\u00b7 Dades requerides: mail;<br>\u00b7 Finalitat: enviar a l&#8217;Usuari informaci\u00f3 comercial del seu inter\u00e8s sobre els nostres productes i\/o serveis a trav\u00e9s del mail, SMS, comunitats socials o qualsevol altre mitj\u00e0 electr\u00f2nic o f\u00edsic, en cas que l&#8217;Usuari ho hagi consentit expressament;<br>\u00b7 Legitimaci\u00f3: consentiment de l&#8217; Usuari.<\/li>\n\n\n\n<li><strong>Dur a terme la relaci\u00f3 contractual i les gestions administratives, fiscals i comptables <\/strong>an\u00e0logues i que siguin necess\u00e0ries virtut de la legislaci\u00f3 vigent<br>\u00b7 Dades requerides: nom i cognoms, tel\u00e8fon, adre\u00e7a, DNI, email, dades salut, signatura;<br>\u00b7 Finalitat: dur a terme la gesti\u00f3 comercial fiscal i administrativa interna;<br>\u00b7 Legitimaci\u00f3: consentiment de l&#8217; interessat i relaci\u00f3 contractual.<\/li>\n\n\n\n<li><strong>Videovigil\u00e0ncia<\/strong>: Seguretat d&#8217;alguns locals<br>\u00b7 Dades requerides: imatge;<br>\u00b7 Finalitat: seguretat de les persones, b\u00e9ns i instal\u00b7lacions (informaci\u00f3 detallada a l&#8217;apartat &#8220;videovigil\u00e0ncia&#8221; dins d&#8217;aquesta pol\u00edtica de privacitat);<br>\u00b7 Legitimaci\u00f3: inter\u00e8s leg\u00edtim del prestador<\/li>\n<\/ol>\n\n\n\n<p>Pot revocar en qualsevol moment el seu consentiment remetent un escrit amb l&#8217;assumpte &#8220;Baixa&#8221; en el mail ressenyat.<\/p>\n\n\n\n<p>D&#8217; acord amb la LSSICE, <strong>CER\u00c0MICA FERR\u00c9S, S.L.<\/strong>, no realitza pr\u00e0ctiques de SPAM, per tant, no envia comunicacions comercials per correu electr\u00f2nic que no hagin estat pr\u00e8viament sol\u00b7licitats o autoritzats per l&#8217;Usuari. En conseq\u00fc\u00e8ncia, en totes les comunicacions que rebr\u00e0 del prestador, l&#8217;Usuari t\u00e9 la possibilitat de revocar el seu consentiment expr\u00e9s per rebre les nostres comunicacions.<\/p>\n\n\n\n<p>No tractarem les seves dades personals per a cap altre fi dels descrits, excepte per obligaci\u00f3 legal o requeriment judicial.<\/p>\n\n\n\n<p>Les seves dades personals no es tractaran per a la presa de decisions automatitzades.<\/p>\n\n\n\n<p><strong><u>TERMINI DE CONSERVACI\u00d3 DE LES DADES:<\/u><\/strong><strong><\/strong><\/p>\n\n\n\n<p>Les seves dades es conservaran mentre duri la finalitat per a la qual van ser recollides, per obligaci\u00f3 legal o requeriment judicial, i mentre no retiri el seu consentiment o fins que exerceixi el seu dret de supressi\u00f3 o oposici\u00f3, o limitaci\u00f3 al tractament. Tanmateix, conservarem les seves dades en els terminis legalment previstos en les disposicions aplicables.<\/p>\n\n\n\n<p><strong><u>DESTINATARIS DE CESSIONS O TRANSFER\u00c8NCIES:<\/u><\/strong><\/p>\n\n\n\n<p><strong>CER\u00c0MICA FERR\u00c9S, S.L. <\/strong>facilitar\u00e0 informaci\u00f3 a les forces i cossos de seguretat sota ordre judicial o per obligaci\u00f3 d&#8217; una norma legal. La informaci\u00f3 facilitada ser\u00e0 nom\u00e9s la que disposi en aquell moment el prestador. <strong>CER\u00c0MICA FERR\u00c9S, S.L. <\/strong>realitzar\u00e0 transfer\u00e8ncies internacionals de dades en realitzar l&#8217; \u00fas de les seg\u00fcents eines necess\u00e0ries per al desenvolupament de l&#8217; activitat, podent emmagatzemar les seves dades. Aquestes eines s\u00f3n les seg\u00fcents:<\/p>\n\n\n\n<p><strong>Google Analytics<\/strong>: per realitzar una an\u00e0lisi i m\u00e8trica de l&#8217;\u00fas que els usuaris fan de la web a trav\u00e9s de les cookies. La informaci\u00f3 que generen i recopilen aquestes cookies sobre l&#8217;\u00fas (incloent-hi l&#8217;adre\u00e7a IP) ser\u00e0 directament transmesa i arxivada per Google, Inc., ubicada a Delaware, 1600 Amphitheatre Parkway, muntar\u00e9 View (Calif\u00f2rnia), CA 94043 d&#8217;Estats Units (&#8220;Google&#8221;), en els seus servidors dels Estats Units. Google, Inc. est\u00e0 adherida al Marc de Privacitat UE \u2013 EUA, aprovat per la Comissi\u00f3 Europea.<\/p>\n\n\n\n<p><strong>Email M\u00e0rqueting<\/strong>: s&#8217; utilitza per al servei de mail m\u00e0rqueting: The Rocket Science Group, LLC 675 Ponce de Leon Ave NE Suite 5000 Atlanta, GA 30308 USA. Adherit al Data Privacy Framework.<\/p>\n\n\n\n<p>La informaci\u00f3 que ens proporcioni a trav\u00e9s d&#8217;aquest lloc web ser\u00e0 allotjada en els servidors de <strong>CER\u00c0MICA FERR\u00c9S, S.L.<\/strong>, contractats a l&#8217; empresa que presta el servei d&#8217; allotjament de la web.<\/p>\n\n\n\n<p>El tractament de les dades de les entitats anteriorment esmentades, aix\u00ed com qualsevol altra eina que usi el prestador es troba regulat mitjan\u00e7ant un contracte d&#8217; encarregat del tractament entre el prestador i aquesta empresa.<\/p>\n\n\n\n<p><strong><u>DRETS DE LES PERSONES INTERESSADES:<\/u><\/strong><\/p>\n\n\n\n<p>Com a usuari-interessat, pot sol\u00b7licitar l&#8217;exercici dels seg\u00fcents drets davant <strong>CER\u00c0MICA FERR\u00c9S, S.L.<\/strong> presentant un escrit a l&#8217;adre\u00e7a postal de l&#8217;encap\u00e7alament o enviant un correu electr\u00f2nic a <a href=\"mailto:info@ceramicaferres.com\">info@ceramicaferres.com<\/a>, indicant com Assumpte: &#8220;PROTECCI\u00d3 DE DADES: DRETS DELS AFECTATS&#8221;.<\/p>\n\n\n\n<p>Drets:<\/p>\n\n\n\n<p><strong>\u00b7 Dret d&#8217;acc\u00e9s: <\/strong>permet a l&#8217;interessat con\u00e8ixer i obtenir informaci\u00f3 sobre les seves dades de car\u00e0cter personal sotmeses a tractament.<\/p>\n\n\n\n<p><strong>\u00b7 Dret de rectificaci\u00f3<\/strong>: permet corregir errors i modificar les dades que resultin ser inexactes o incompletes.<\/p>\n\n\n\n<p><strong>\u00b7 Dret de supressi\u00f3: <\/strong>permet que es suprimeixin les dades que siguin inadequades o excessives.<\/p>\n\n\n\n<p><strong>\u00b7 Dret d&#8217;oposici\u00f3: <\/strong>dret de l&#8217;interessat a qu\u00e8 no es dugui a terme el tractament de les seves dades de car\u00e0cter personal o es cessi en el mateix.<\/p>\n\n\n\n<p><strong>\u00b7 Limitaci\u00f3 del tractament: <\/strong>comporta el marcat de les dades personals conservades, amb la finalitat de limitar el seu futur tractament, per a l&#8217;exercici o la defensa de reclamacions.<\/p>\n\n\n\n<p><strong>\u00b7 Portabilitat de les dades<\/strong>: facilitaci\u00f3 de les dades objecte de tractament a l&#8217;interessat, per tal que aquest pugui transmetre a un altre responsable, sense impediments.<\/p>\n\n\n\n<p><strong>\u00b7 Dret a no ser objecte de decisions individuals automatitzades (inclosa l&#8217;elaboraci\u00f3 de perfils): <\/strong>dret a no ser objecte d&#8217;una decisi\u00f3 basada en el tractament automatitzat que produeixi efectes o afecti significativament.<\/p>\n\n\n\n<p>Com a usuari, t\u00e9 dret a retirar el consentiment donat en qualsevol moment. La retirada del consentiment no afectar\u00e0 la licitud del tractament efectuat abans.<\/p>\n\n\n\n<p>Tamb\u00e9 t\u00e9 dret a presentar una reclamaci\u00f3 davant l&#8217;autoritat de control si considera que poden haver-se vist vulnerats els seus drets en relaci\u00f3 a la protecci\u00f3 de les seves dades (<a href=\"https:\/\/www.aepd.es\/es\">aepd.es<\/a>).<\/p>\n\n\n\n<p><strong><u>INFORMACI\u00d3 ADDICIONAL:<\/u><\/strong><\/p>\n\n\n\n<p><strong>MESURES DE SEGURETAT<\/strong><\/p>\n\n\n\n<p>Les dades que ens faciliti es tractaran de forma confidencial. El prestador ha adoptat totes les mesures t\u00e8cniques i organitzatives i tots els nivells de protecci\u00f3 necessaris per a garantir la seguretat en el tractament de les dades i evitar la seva alteraci\u00f3, p\u00e8rdua, robatori, tractament o acc\u00e9s no autoritzat, d&#8217;acord l&#8217;estat de la tecnologia i naturalesa de les dades emmagatzemades. Aix\u00ed mateix, es garanteix tamb\u00e9 que el tractament i registre en fitxers, programes, sistemes o equips, locals i centres compleixen amb els requisits i condicions d&#8217;integritat i seguretat establertes en la normativa vigent.<\/p>\n\n\n\n<p><strong>IDIOMA<\/strong><\/p>\n\n\n\n<p>L&#8217;idioma aplicable a aquesta pol\u00edtica de privacitat \u00e9s el castell\u00e0. Per tant, en cas que hi hagu\u00e9s alguna contradicci\u00f3 en alguna de les versions facilitades en altres idiomes, prevaldr\u00e0 la versi\u00f3 en castell\u00e0.<\/p>\n\n\n\n<p><strong>XARXES SOCIALS<\/strong><\/p>\n\n\n\n<p>L&#8217;informem que <strong>CER\u00c0MICA FERR\u00c9S, S.L. <\/strong>pot tenir pres\u00e8ncia en xarxes socials. El tractament de les dades que es dugui a terme de les persones que es facin seguidores a les xarxes socials (i\/o realitzin qualsevol vincle o acci\u00f3 de connexi\u00f3 a trav\u00e9s de les xarxes socials) de les p\u00e0gines oficials de <strong>CER\u00c0MICA FERR\u00c9S, S.L.<\/strong> es regir\u00e0 per aquest apartat, aix\u00ed com per aquelles condicions d&#8217;\u00fas, pol\u00edtiques de privacitat i normatives d&#8217;acc\u00e9s que pertanyin a la xarxa social que procedeixi en cada cas i acceptades pr\u00e8viament per l&#8217;usuari.<\/p>\n\n\n\n<p><strong>CER\u00c0MICA FERR\u00c9S, S.L.<\/strong> tractar\u00e0 les seves dades amb les finalitats d&#8217;administrar correctament la seva pres\u00e8ncia a la xarxa social, informant d&#8217;activitats, productes o serveis del prestador, aix\u00ed com per a qualsevol altra finalitat que les normatives de les Xarxes Socials permetin.<\/p>\n\n\n\n<p>Queda prohibida la publicaci\u00f3 de continguts:<\/p>\n\n\n\n<p>\u00b7 Que siguin presumptament il\u00b7l\u00edcits per la normativa nacional, comunit\u00e0ria o internacional o que realitzin activitats presumptament il\u00b7l\u00edcites o contravinguin els principis de la bona fe.<\/p>\n\n\n\n<p>\u00b7 Que atemptin contra els drets fonamentals de les persones, faltin a la cortesia dins la xarxa, molestin o puguin generar opinions negatives dels nostres usuaris o tercers i en general qualsevol contingut que <strong>CER\u00c0MICA FERR\u00c9S, S.L.<\/strong> consideri inapropiats.<\/p>\n\n\n\n<p>\u00b7 I en general que contravinguin els principis de legalitat, honradesa, responsabilitat, protecci\u00f3 de la dignitat humana, protecci\u00f3 de menors, protecci\u00f3 de l&#8217;ordre p\u00fablic, la protecci\u00f3 de la vida privada, la protecci\u00f3 del consumidor i els drets de propietat intel\u00b7lectual i industrial.<\/p>\n\n\n\n<p>Aix\u00ed mateix, <strong>CER\u00c0MICA FERR\u00c9S, S.L.<\/strong> es reserva la potestat de retirar, sense previ av\u00eds, del lloc web o de la xarxa social corporativa aquells continguts que es consideren inadequats.<\/p>\n\n\n\n<p>En tot cas, si V\u00e8. remet informaci\u00f3 personal a trav\u00e9s de la xarxa social, <strong>CER\u00c0MICA FERR\u00c9S, S.L. <\/strong>quedar\u00e0 exempt de responsabilitat en relaci\u00f3 a les mesures de seguretat aplicables a la present plataforma i l\u2019usuari, en cas de voler con\u00e8ixer-les, ha de consultar les corresponents condicions particulars de la xarxa en q\u00fcesti\u00f3.<\/p>\n\n\n\n<p><strong>VIDEOVIGIL\u00c0NCIA<\/strong><\/p>\n\n\n\n<p>Es capten imatges amb la finalitat de preservar la seguretat de les persones i b\u00e9ns, aix\u00ed com de les instal\u00b7lacions. &nbsp;&nbsp;&nbsp;&nbsp;&nbsp;&nbsp;&nbsp;&nbsp;<\/p>\n\n\n\n<p>S&#8217;informa l&#8217;usuari mitjan\u00e7ant un cartell de videovigil\u00e0ncia ubicat en lloc previ a la c\u00e0mera i prou visible que informa que les instal\u00b7lacions estan videovigilades.<\/p>\n\n\n\n<p>No es preveuen cessions, excepte a les Forces i cossos de seguretat, ni tampoc es realitzar\u00e0 cap transfer\u00e8ncia internacional de dades.<\/p>\n\n\n\n<p>Les imatges es conservaran durant el per\u00edode m\u00e0xim de 30 dies des de la seva captaci\u00f3. Un cop transcorregut aquest termini les imatges hauran de ser cancel\u00b7lades, d&#8217;acord amb la normativa vigent. La qual disposa: &#8220;la cancel\u00b7laci\u00f3 donar\u00e0 lloc al bloqueig de les dades, conservant-se \u00fanicament a disposici\u00f3 de les Administracions P\u00fabliques, Jutges i Tribunals, per a l&#8217;atenci\u00f3 de les possibles responsabilitats nascudes del tractament, durant el termini de prescripci\u00f3 d&#8217;aquestes. Complert l&#8217; esmentat termini s&#8217; haur\u00e0 de procedir a la supressi\u00f3.&#8221;<\/p>\n\n\n\n<p><strong>CANVIS EN LA PRESENT POL\u00cdTICA DE PRIVACITAT<\/strong><\/p>\n\n\n\n<p><strong>CER\u00c0MICA FERR\u00c9S, S.L.<\/strong> es reserva el dret a modificar la present pol\u00edtica per adaptar-la a novetats legislatives o jurisprudencials.<\/p>\n\n\n\n<p><strong>REVOCABILITAT<\/strong><br>El consentiment prestat, tant pel tractament com per a la cessi\u00f3 de les dades dels interessats, \u00e9s revocable en qualsevol moment comunicant-ho a <strong>CER\u00c0MICA FERR\u00c9S, S.L.<\/strong> en els termes que estableix aquesta Pol\u00edtica per a l&#8217;exercici dels drets. Aquesta revocaci\u00f3 en cap cas tindr\u00e0 car\u00e0cter retroactiu.<\/p>\n\n\n\n<p><strong>LEGISLACI\u00d3<\/strong> <\/p>\n\n\n\n<p>Amb car\u00e0cter general les relacions entre <strong>CER\u00c0MICA FERR\u00c9S, S.L.<\/strong> amb els Usuaris dels seus serveis telem\u00e0tics, presents en aquesta web, estan sotmesos a la legislaci\u00f3 i jurisdicci\u00f3 espanyola a la qual se sotmeten expressament les parts, sent competents per a la resoluci\u00f3 de tots els conflictes derivats o relacionats amb el seu \u00fas, els Jutjats i Tribunals de Girona.<\/p>\n","protected":false},"excerpt":{"rendered":"<p>Pol\u00edtica de privacitat INTRODUCCI\u00d3 La seva privacitat \u00e9s important per a nosaltres, aix\u00ed que mitjan\u00e7ant aquest document us expliquem quines dades recollim dels usuaris, com els utilitzem i per a qu\u00e8, entre d&#8217;altres indicacions. Per a la seva informaci\u00f3, mai demanarem m\u00e9s informaci\u00f3 de la que realment necessitarem pels serveis requerits; mai la compartirem amb [&hellip;]<\/p>\n","protected":false},"author":14,"featured_media":0,"parent":0,"menu_order":0,"comment_status":"closed","ping_status":"closed","template":"templates\/legal.php","meta":{"_acf_changed":false,"_relevanssi_hide_post":"","_relevanssi_hide_content":"","_relevanssi_pin_for_all":"","_relevanssi_pin_keywords":"","_relevanssi_unpin_keywords":"","_relevanssi_related_keywords":"","_relevanssi_related_include_ids":"","_relevanssi_related_exclude_ids":"","_relevanssi_related_no_append":"","_relevanssi_related_not_related":"","_relevanssi_related_posts":"","_relevanssi_noindex_reason":"","inline_featured_image":false,"footnotes":""},"class_list":["post-933","page","type-page","status-publish","hentry"],"acf":[],"yoast_head":"<!-- This site is optimized with the Yoast SEO plugin v26.8 - https:\/\/yoast.com\/product\/yoast-seo-wordpress\/ -->\n<title>Pol\u00edtica de privacitat &#8211; Cer\u00e0mica Ferr\u00e9s<\/title>\n<meta name=\"robots\" content=\"index, follow, max-snippet:-1, max-image-preview:large, max-video-preview:-1\" \/>\n<link rel=\"canonical\" href=\"https:\/\/ceramicaferres.com\/ca\/politica-de-privacitat\/\" \/>\n<meta property=\"og:locale\" content=\"ca_ES\" \/>\n<meta property=\"og:type\" content=\"article\" \/>\n<meta property=\"og:title\" content=\"Pol\u00edtica de privacitat &#8211; Cer\u00e0mica Ferr\u00e9s\" \/>\n<meta property=\"og:description\" content=\"Pol\u00edtica de privacitat INTRODUCCI\u00d3 La seva privacitat \u00e9s important per a nosaltres, aix\u00ed que mitjan\u00e7ant aquest document us expliquem quines dades recollim dels usuaris, com els utilitzem i per a qu\u00e8, entre d&#8217;altres indicacions. Per a la seva informaci\u00f3, mai demanarem m\u00e9s informaci\u00f3 de la que realment necessitarem pels serveis requerits; mai la compartirem amb [&hellip;]\" \/>\n<meta property=\"og:url\" content=\"https:\/\/ceramicaferres.com\/ca\/politica-de-privacitat\/\" \/>\n<meta property=\"og:site_name\" content=\"Cer\u00e0mica Ferr\u00e9s\" \/>\n<meta property=\"article:modified_time\" content=\"2025-12-15T09:12:02+00:00\" \/>\n<meta name=\"twitter:card\" content=\"summary_large_image\" \/>\n<meta name=\"twitter:label1\" content=\"Temps estimat de lectura\" \/>\n\t<meta name=\"twitter:data1\" content=\"9 minuts\" \/>\n<script type=\"application\/ld+json\" class=\"yoast-schema-graph\">{\"@context\":\"https:\/\/schema.org\",\"@graph\":[{\"@type\":\"WebPage\",\"@id\":\"https:\/\/ceramicaferres.com\/ca\/politica-de-privacitat\/\",\"url\":\"https:\/\/ceramicaferres.com\/ca\/politica-de-privacitat\/\",\"name\":\"Pol\u00edtica de privacitat &#8211; Cer\u00e0mica Ferr\u00e9s\",\"isPartOf\":{\"@id\":\"https:\/\/ceramicaferres.com\/ca\/#website\"},\"datePublished\":\"2020-08-13T07:27:32+00:00\",\"dateModified\":\"2025-12-15T09:12:02+00:00\",\"breadcrumb\":{\"@id\":\"https:\/\/ceramicaferres.com\/ca\/politica-de-privacitat\/#breadcrumb\"},\"inLanguage\":\"ca\",\"potentialAction\":[{\"@type\":\"ReadAction\",\"target\":[\"https:\/\/ceramicaferres.com\/ca\/politica-de-privacitat\/\"]}]},{\"@type\":\"BreadcrumbList\",\"@id\":\"https:\/\/ceramicaferres.com\/ca\/politica-de-privacitat\/#breadcrumb\",\"itemListElement\":[{\"@type\":\"ListItem\",\"position\":1,\"name\":\"Portada\",\"item\":\"https:\/\/ceramicaferres.com\/ca\/\"},{\"@type\":\"ListItem\",\"position\":2,\"name\":\"Pol\u00edtica de privacitat\"}]},{\"@type\":\"WebSite\",\"@id\":\"https:\/\/ceramicaferres.com\/ca\/#website\",\"url\":\"https:\/\/ceramicaferres.com\/ca\/\",\"name\":\"Cer\u00e0mica Ferr\u00e9s\",\"description\":\"Just another WordPress site\",\"potentialAction\":[{\"@type\":\"SearchAction\",\"target\":{\"@type\":\"EntryPoint\",\"urlTemplate\":\"https:\/\/ceramicaferres.com\/ca\/?s={search_term_string}\"},\"query-input\":{\"@type\":\"PropertyValueSpecification\",\"valueRequired\":true,\"valueName\":\"search_term_string\"}}],\"inLanguage\":\"ca\"}]}<\/script>\n<!-- \/ Yoast SEO plugin. -->","yoast_head_json":{"title":"Pol\u00edtica de privacitat &#8211; Cer\u00e0mica Ferr\u00e9s","robots":{"index":"index","follow":"follow","max-snippet":"max-snippet:-1","max-image-preview":"max-image-preview:large","max-video-preview":"max-video-preview:-1"},"canonical":"https:\/\/ceramicaferres.com\/ca\/politica-de-privacitat\/","og_locale":"ca_ES","og_type":"article","og_title":"Pol\u00edtica de privacitat &#8211; Cer\u00e0mica Ferr\u00e9s","og_description":"Pol\u00edtica de privacitat INTRODUCCI\u00d3 La seva privacitat \u00e9s important per a nosaltres, aix\u00ed que mitjan\u00e7ant aquest document us expliquem quines dades recollim dels usuaris, com els utilitzem i per a qu\u00e8, entre d&#8217;altres indicacions. Per a la seva informaci\u00f3, mai demanarem m\u00e9s informaci\u00f3 de la que realment necessitarem pels serveis requerits; mai la compartirem amb [&hellip;]","og_url":"https:\/\/ceramicaferres.com\/ca\/politica-de-privacitat\/","og_site_name":"Cer\u00e0mica Ferr\u00e9s","article_modified_time":"2025-12-15T09:12:02+00:00","twitter_card":"summary_large_image","twitter_misc":{"Temps estimat de lectura":"9 minuts"},"schema":{"@context":"https:\/\/schema.org","@graph":[{"@type":"WebPage","@id":"https:\/\/ceramicaferres.com\/ca\/politica-de-privacitat\/","url":"https:\/\/ceramicaferres.com\/ca\/politica-de-privacitat\/","name":"Pol\u00edtica de privacitat &#8211; Cer\u00e0mica Ferr\u00e9s","isPartOf":{"@id":"https:\/\/ceramicaferres.com\/ca\/#website"},"datePublished":"2020-08-13T07:27:32+00:00","dateModified":"2025-12-15T09:12:02+00:00","breadcrumb":{"@id":"https:\/\/ceramicaferres.com\/ca\/politica-de-privacitat\/#breadcrumb"},"inLanguage":"ca","potentialAction":[{"@type":"ReadAction","target":["https:\/\/ceramicaferres.com\/ca\/politica-de-privacitat\/"]}]},{"@type":"BreadcrumbList","@id":"https:\/\/ceramicaferres.com\/ca\/politica-de-privacitat\/#breadcrumb","itemListElement":[{"@type":"ListItem","position":1,"name":"Portada","item":"https:\/\/ceramicaferres.com\/ca\/"},{"@type":"ListItem","position":2,"name":"Pol\u00edtica de privacitat"}]},{"@type":"WebSite","@id":"https:\/\/ceramicaferres.com\/ca\/#website","url":"https:\/\/ceramicaferres.com\/ca\/","name":"Cer\u00e0mica Ferr\u00e9s","description":"Just another WordPress site","potentialAction":[{"@type":"SearchAction","target":{"@type":"EntryPoint","urlTemplate":"https:\/\/ceramicaferres.com\/ca\/?s={search_term_string}"},"query-input":{"@type":"PropertyValueSpecification","valueRequired":true,"valueName":"search_term_string"}}],"inLanguage":"ca"}]}},"_links":{"self":[{"href":"https:\/\/ceramicaferres.com\/ca\/wp-json\/wp\/v2\/pages\/933","targetHints":{"allow":["GET"]}}],"collection":[{"href":"https:\/\/ceramicaferres.com\/ca\/wp-json\/wp\/v2\/pages"}],"about":[{"href":"https:\/\/ceramicaferres.com\/ca\/wp-json\/wp\/v2\/types\/page"}],"author":[{"embeddable":true,"href":"https:\/\/ceramicaferres.com\/ca\/wp-json\/wp\/v2\/users\/14"}],"replies":[{"embeddable":true,"href":"https:\/\/ceramicaferres.com\/ca\/wp-json\/wp\/v2\/comments?post=933"}],"version-history":[{"count":12,"href":"https:\/\/ceramicaferres.com\/ca\/wp-json\/wp\/v2\/pages\/933\/revisions"}],"predecessor-version":[{"id":20930,"href":"https:\/\/ceramicaferres.com\/ca\/wp-json\/wp\/v2\/pages\/933\/revisions\/20930"}],"wp:attachment":[{"href":"https:\/\/ceramicaferres.com\/ca\/wp-json\/wp\/v2\/media?parent=933"}],"curies":[{"name":"wp","href":"https:\/\/api.w.org\/{rel}","templated":true}]}}