{"id":3992,"date":"2020-11-04T12:28:58","date_gmt":"2020-11-04T12:28:58","guid":{"rendered":"https:\/\/ceramicaferres.com\/?product=cartabon"},"modified":"2024-12-16T11:58:35","modified_gmt":"2024-12-16T11:58:35","slug":"cartabo","status":"publish","type":"product","link":"https:\/\/ceramicaferres.com\/ca\/productes\/cartabo\/","title":{"rendered":"Cartab\u00f3n"},"excerpt":{"rendered":"","protected":false},"featured_media":2826,"parent":0,"template":"","product_cat":[69],"class_list":["post-3992","product","type-product","status-publish","has-post-thumbnail","hentry","product_cat-rajoles"],"acf":[],"yoast_head":"<!-- This site is optimized with the Yoast SEO plugin v26.8 - https:\/\/yoast.com\/product\/yoast-seo-wordpress\/ -->\n<title>Rajoles Cartab\u00f3n &#8211; Cer\u00e0mica Ferr\u00e9s<\/title>\n<meta name=\"robots\" content=\"index, follow, max-snippet:-1, max-image-preview:large, max-video-preview:-1\" \/>\n<link rel=\"canonical\" href=\"https:\/\/ceramicaferres.com\/ca\/productes\/cartabo\/\" \/>\n<meta property=\"og:locale\" content=\"ca_ES\" \/>\n<meta property=\"og:type\" content=\"article\" \/>\n<meta property=\"og:title\" content=\"Rajoles Cartab\u00f3n &#8211; Cer\u00e0mica Ferr\u00e9s\" \/>\n<meta property=\"og:url\" content=\"https:\/\/ceramicaferres.com\/ca\/productes\/cartabo\/\" \/>\n<meta property=\"og:site_name\" content=\"Cer\u00e0mica Ferr\u00e9s\" \/>\n<meta property=\"article:modified_time\" content=\"2024-12-16T11:58:35+00:00\" \/>\n<meta property=\"og:image\" content=\"https:\/\/ceramicaferres.com\/wp-content\/uploads\/2020\/11\/01_Baldosa_Cartabon_Ceramica_Ferres.jpg\" \/>\n\t<meta property=\"og:image:width\" content=\"1082\" \/>\n\t<meta property=\"og:image:height\" content=\"1482\" \/>\n\t<meta property=\"og:image:type\" content=\"image\/jpeg\" \/>\n<meta name=\"twitter:card\" content=\"summary_large_image\" \/>\n<script type=\"application\/ld+json\" class=\"yoast-schema-graph\">{\"@context\":\"https:\/\/schema.org\",\"@graph\":[{\"@type\":\"WebPage\",\"@id\":\"https:\/\/ceramicaferres.com\/ca\/productes\/cartabo\/\",\"url\":\"https:\/\/ceramicaferres.com\/ca\/productes\/cartabo\/\",\"name\":\"Rajoles Cartab\u00f3n &#8211; Cer\u00e0mica Ferr\u00e9s\",\"isPartOf\":{\"@id\":\"https:\/\/ceramicaferres.com\/ca\/#website\"},\"primaryImageOfPage\":{\"@id\":\"https:\/\/ceramicaferres.com\/ca\/productes\/cartabo\/#primaryimage\"},\"image\":{\"@id\":\"https:\/\/ceramicaferres.com\/ca\/productes\/cartabo\/#primaryimage\"},\"thumbnailUrl\":\"https:\/\/ceramicaferres.com\/wp-content\/uploads\/2020\/11\/01_Baldosa_Cartabon_Ceramica_Ferres.jpg\",\"datePublished\":\"2020-11-04T12:28:58+00:00\",\"dateModified\":\"2024-12-16T11:58:35+00:00\",\"breadcrumb\":{\"@id\":\"https:\/\/ceramicaferres.com\/ca\/productes\/cartabo\/#breadcrumb\"},\"inLanguage\":\"ca\",\"potentialAction\":[{\"@type\":\"ReadAction\",\"target\":[\"https:\/\/ceramicaferres.com\/ca\/productes\/cartabo\/\"]}]},{\"@type\":\"ImageObject\",\"inLanguage\":\"ca\",\"@id\":\"https:\/\/ceramicaferres.com\/ca\/productes\/cartabo\/#primaryimage\",\"url\":\"https:\/\/ceramicaferres.com\/wp-content\/uploads\/2020\/11\/01_Baldosa_Cartabon_Ceramica_Ferres.jpg\",\"contentUrl\":\"https:\/\/ceramicaferres.com\/wp-content\/uploads\/2020\/11\/01_Baldosa_Cartabon_Ceramica_Ferres.jpg\",\"width\":1082,\"height\":1482,\"caption\":\"Cartab\u00f3n\u2014 Terracota Rojo 15 \/ Blanco 36\"},{\"@type\":\"BreadcrumbList\",\"@id\":\"https:\/\/ceramicaferres.com\/ca\/productes\/cartabo\/#breadcrumb\",\"itemListElement\":[{\"@type\":\"ListItem\",\"position\":1,\"name\":\"Portada\",\"item\":\"https:\/\/ceramicaferres.com\/ca\/\"},{\"@type\":\"ListItem\",\"position\":2,\"name\":\"Product\",\"item\":\"https:\/\/ceramicaferres.com\/ca\/productes\/\"},{\"@type\":\"ListItem\",\"position\":3,\"name\":\"Cartab\u00f3n\"}]},{\"@type\":\"WebSite\",\"@id\":\"https:\/\/ceramicaferres.com\/ca\/#website\",\"url\":\"https:\/\/ceramicaferres.com\/ca\/\",\"name\":\"Cer\u00e0mica Ferr\u00e9s\",\"description\":\"Just another WordPress site\",\"potentialAction\":[{\"@type\":\"SearchAction\",\"target\":{\"@type\":\"EntryPoint\",\"urlTemplate\":\"https:\/\/ceramicaferres.com\/ca\/?s={search_term_string}\"},\"query-input\":{\"@type\":\"PropertyValueSpecification\",\"valueRequired\":true,\"valueName\":\"search_term_string\"}}],\"inLanguage\":\"ca\"}]}<\/script>\n<!-- \/ Yoast SEO plugin. -->","yoast_head_json":{"title":"Rajoles Cartab\u00f3n &#8211; Cer\u00e0mica Ferr\u00e9s","robots":{"index":"index","follow":"follow","max-snippet":"max-snippet:-1","max-image-preview":"max-image-preview:large","max-video-preview":"max-video-preview:-1"},"canonical":"https:\/\/ceramicaferres.com\/ca\/productes\/cartabo\/","og_locale":"ca_ES","og_type":"article","og_title":"Rajoles Cartab\u00f3n &#8211; Cer\u00e0mica Ferr\u00e9s","og_url":"https:\/\/ceramicaferres.com\/ca\/productes\/cartabo\/","og_site_name":"Cer\u00e0mica Ferr\u00e9s","article_modified_time":"2024-12-16T11:58:35+00:00","og_image":[{"width":1082,"height":1482,"url":"https:\/\/ceramicaferres.com\/wp-content\/uploads\/2020\/11\/01_Baldosa_Cartabon_Ceramica_Ferres.jpg","type":"image\/jpeg"}],"twitter_card":"summary_large_image","schema":{"@context":"https:\/\/schema.org","@graph":[{"@type":"WebPage","@id":"https:\/\/ceramicaferres.com\/ca\/productes\/cartabo\/","url":"https:\/\/ceramicaferres.com\/ca\/productes\/cartabo\/","name":"Rajoles Cartab\u00f3n &#8211; Cer\u00e0mica Ferr\u00e9s","isPartOf":{"@id":"https:\/\/ceramicaferres.com\/ca\/#website"},"primaryImageOfPage":{"@id":"https:\/\/ceramicaferres.com\/ca\/productes\/cartabo\/#primaryimage"},"image":{"@id":"https:\/\/ceramicaferres.com\/ca\/productes\/cartabo\/#primaryimage"},"thumbnailUrl":"https:\/\/ceramicaferres.com\/wp-content\/uploads\/2020\/11\/01_Baldosa_Cartabon_Ceramica_Ferres.jpg","datePublished":"2020-11-04T12:28:58+00:00","dateModified":"2024-12-16T11:58:35+00:00","breadcrumb":{"@id":"https:\/\/ceramicaferres.com\/ca\/productes\/cartabo\/#breadcrumb"},"inLanguage":"ca","potentialAction":[{"@type":"ReadAction","target":["https:\/\/ceramicaferres.com\/ca\/productes\/cartabo\/"]}]},{"@type":"ImageObject","inLanguage":"ca","@id":"https:\/\/ceramicaferres.com\/ca\/productes\/cartabo\/#primaryimage","url":"https:\/\/ceramicaferres.com\/wp-content\/uploads\/2020\/11\/01_Baldosa_Cartabon_Ceramica_Ferres.jpg","contentUrl":"https:\/\/ceramicaferres.com\/wp-content\/uploads\/2020\/11\/01_Baldosa_Cartabon_Ceramica_Ferres.jpg","width":1082,"height":1482,"caption":"Cartab\u00f3n\u2014 Terracota Rojo 15 \/ Blanco 36"},{"@type":"BreadcrumbList","@id":"https:\/\/ceramicaferres.com\/ca\/productes\/cartabo\/#breadcrumb","itemListElement":[{"@type":"ListItem","position":1,"name":"Portada","item":"https:\/\/ceramicaferres.com\/ca\/"},{"@type":"ListItem","position":2,"name":"Product","item":"https:\/\/ceramicaferres.com\/ca\/productes\/"},{"@type":"ListItem","position":3,"name":"Cartab\u00f3n"}]},{"@type":"WebSite","@id":"https:\/\/ceramicaferres.com\/ca\/#website","url":"https:\/\/ceramicaferres.com\/ca\/","name":"Cer\u00e0mica Ferr\u00e9s","description":"Just another WordPress site","potentialAction":[{"@type":"SearchAction","target":{"@type":"EntryPoint","urlTemplate":"https:\/\/ceramicaferres.com\/ca\/?s={search_term_string}"},"query-input":{"@type":"PropertyValueSpecification","valueRequired":true,"valueName":"search_term_string"}}],"inLanguage":"ca"}]}},"_links":{"self":[{"href":"https:\/\/ceramicaferres.com\/ca\/wp-json\/wp\/v2\/product\/3992","targetHints":{"allow":["GET"]}}],"collection":[{"href":"https:\/\/ceramicaferres.com\/ca\/wp-json\/wp\/v2\/product"}],"about":[{"href":"https:\/\/ceramicaferres.com\/ca\/wp-json\/wp\/v2\/types\/product"}],"wp:featuredmedia":[{"embeddable":true,"href":"https:\/\/ceramicaferres.com\/ca\/wp-json\/wp\/v2\/media\/2826"}],"wp:attachment":[{"href":"https:\/\/ceramicaferres.com\/ca\/wp-json\/wp\/v2\/media?parent=3992"}],"wp:term":[{"taxonomy":"product_cat","embeddable":true,"href":"https:\/\/ceramicaferres.com\/ca\/wp-json\/wp\/v2\/product_cat?post=3992"}],"curies":[{"name":"wp","href":"https:\/\/api.w.org\/{rel}","templated":true}]}}