{"id":4011,"date":"2020-11-03T22:43:53","date_gmt":"2020-11-03T22:43:53","guid":{"rendered":"https:\/\/ceramicaferres.com\/?product=emporda"},"modified":"2024-12-16T11:35:31","modified_gmt":"2024-12-16T11:35:31","slug":"emporda","status":"publish","type":"product","link":"https:\/\/ceramicaferres.com\/en\/products\/emporda\/","title":{"rendered":"Empord\u00e0"},"excerpt":{"rendered":"","protected":false},"featured_media":2963,"parent":0,"template":"","product_cat":[55],"class_list":["post-4011","product","type-product","status-publish","has-post-thumbnail","hentry","product_cat-sunbreaks"],"acf":[],"yoast_head":"<!-- This site is optimized with the Yoast SEO plugin v26.8 - https:\/\/yoast.com\/product\/yoast-seo-wordpress\/ -->\n<title>Sunbreaks Empord\u00e0 &#8211; Cer\u00e0mica Ferr\u00e9s<\/title>\n<meta name=\"robots\" content=\"index, follow, max-snippet:-1, max-image-preview:large, max-video-preview:-1\" \/>\n<link rel=\"canonical\" href=\"https:\/\/ceramicaferres.com\/en\/products\/emporda\/\" \/>\n<meta property=\"og:locale\" content=\"en_US\" \/>\n<meta property=\"og:type\" content=\"article\" \/>\n<meta property=\"og:title\" content=\"Sunbreaks Empord\u00e0 &#8211; Cer\u00e0mica Ferr\u00e9s\" \/>\n<meta property=\"og:url\" content=\"https:\/\/ceramicaferres.com\/en\/products\/emporda\/\" \/>\n<meta property=\"og:site_name\" content=\"Cer\u00e0mica Ferr\u00e9s\" \/>\n<meta property=\"article:modified_time\" content=\"2024-12-16T11:35:31+00:00\" \/>\n<meta property=\"og:image\" content=\"https:\/\/ceramicaferres.com\/wp-content\/uploads\/2020\/11\/04_Ceramica_Ferres_Emporda.jpg\" \/>\n\t<meta property=\"og:image:width\" content=\"1666\" \/>\n\t<meta property=\"og:image:height\" content=\"1216\" \/>\n\t<meta property=\"og:image:type\" content=\"image\/jpeg\" \/>\n<meta name=\"twitter:card\" content=\"summary_large_image\" \/>\n<script type=\"application\/ld+json\" class=\"yoast-schema-graph\">{\"@context\":\"https:\/\/schema.org\",\"@graph\":[{\"@type\":\"WebPage\",\"@id\":\"https:\/\/ceramicaferres.com\/en\/products\/emporda\/\",\"url\":\"https:\/\/ceramicaferres.com\/en\/products\/emporda\/\",\"name\":\"Sunbreaks Empord\u00e0 &#8211; Cer\u00e0mica Ferr\u00e9s\",\"isPartOf\":{\"@id\":\"https:\/\/ceramicaferres.com\/en\/#website\"},\"primaryImageOfPage\":{\"@id\":\"https:\/\/ceramicaferres.com\/en\/products\/emporda\/#primaryimage\"},\"image\":{\"@id\":\"https:\/\/ceramicaferres.com\/en\/products\/emporda\/#primaryimage\"},\"thumbnailUrl\":\"https:\/\/ceramicaferres.com\/wp-content\/uploads\/2020\/11\/04_Ceramica_Ferres_Emporda.jpg\",\"datePublished\":\"2020-11-03T22:43:53+00:00\",\"dateModified\":\"2024-12-16T11:35:31+00:00\",\"breadcrumb\":{\"@id\":\"https:\/\/ceramicaferres.com\/en\/products\/emporda\/#breadcrumb\"},\"inLanguage\":\"en-US\",\"potentialAction\":[{\"@type\":\"ReadAction\",\"target\":[\"https:\/\/ceramicaferres.com\/en\/products\/emporda\/\"]}]},{\"@type\":\"ImageObject\",\"inLanguage\":\"en-US\",\"@id\":\"https:\/\/ceramicaferres.com\/en\/products\/emporda\/#primaryimage\",\"url\":\"https:\/\/ceramicaferres.com\/wp-content\/uploads\/2020\/11\/04_Ceramica_Ferres_Emporda.jpg\",\"contentUrl\":\"https:\/\/ceramicaferres.com\/wp-content\/uploads\/2020\/11\/04_Ceramica_Ferres_Emporda.jpg\",\"width\":1666,\"height\":1216,\"caption\":\"Empord\u00e0 \u2014 Blanco 23\"},{\"@type\":\"BreadcrumbList\",\"@id\":\"https:\/\/ceramicaferres.com\/en\/products\/emporda\/#breadcrumb\",\"itemListElement\":[{\"@type\":\"ListItem\",\"position\":1,\"name\":\"Portada\",\"item\":\"https:\/\/ceramicaferres.com\/en\/\"},{\"@type\":\"ListItem\",\"position\":2,\"name\":\"Product\",\"item\":\"https:\/\/ceramicaferres.com\/en\/products\/\"},{\"@type\":\"ListItem\",\"position\":3,\"name\":\"Empord\u00e0\"}]},{\"@type\":\"WebSite\",\"@id\":\"https:\/\/ceramicaferres.com\/en\/#website\",\"url\":\"https:\/\/ceramicaferres.com\/en\/\",\"name\":\"Cer\u00e0mica Ferr\u00e9s\",\"description\":\"Just another WordPress site\",\"potentialAction\":[{\"@type\":\"SearchAction\",\"target\":{\"@type\":\"EntryPoint\",\"urlTemplate\":\"https:\/\/ceramicaferres.com\/en\/?s={search_term_string}\"},\"query-input\":{\"@type\":\"PropertyValueSpecification\",\"valueRequired\":true,\"valueName\":\"search_term_string\"}}],\"inLanguage\":\"en-US\"}]}<\/script>\n<!-- \/ Yoast SEO plugin. -->","yoast_head_json":{"title":"Sunbreaks Empord\u00e0 &#8211; Cer\u00e0mica Ferr\u00e9s","robots":{"index":"index","follow":"follow","max-snippet":"max-snippet:-1","max-image-preview":"max-image-preview:large","max-video-preview":"max-video-preview:-1"},"canonical":"https:\/\/ceramicaferres.com\/en\/products\/emporda\/","og_locale":"en_US","og_type":"article","og_title":"Sunbreaks Empord\u00e0 &#8211; Cer\u00e0mica Ferr\u00e9s","og_url":"https:\/\/ceramicaferres.com\/en\/products\/emporda\/","og_site_name":"Cer\u00e0mica Ferr\u00e9s","article_modified_time":"2024-12-16T11:35:31+00:00","og_image":[{"width":1666,"height":1216,"url":"https:\/\/ceramicaferres.com\/wp-content\/uploads\/2020\/11\/04_Ceramica_Ferres_Emporda.jpg","type":"image\/jpeg"}],"twitter_card":"summary_large_image","schema":{"@context":"https:\/\/schema.org","@graph":[{"@type":"WebPage","@id":"https:\/\/ceramicaferres.com\/en\/products\/emporda\/","url":"https:\/\/ceramicaferres.com\/en\/products\/emporda\/","name":"Sunbreaks Empord\u00e0 &#8211; Cer\u00e0mica Ferr\u00e9s","isPartOf":{"@id":"https:\/\/ceramicaferres.com\/en\/#website"},"primaryImageOfPage":{"@id":"https:\/\/ceramicaferres.com\/en\/products\/emporda\/#primaryimage"},"image":{"@id":"https:\/\/ceramicaferres.com\/en\/products\/emporda\/#primaryimage"},"thumbnailUrl":"https:\/\/ceramicaferres.com\/wp-content\/uploads\/2020\/11\/04_Ceramica_Ferres_Emporda.jpg","datePublished":"2020-11-03T22:43:53+00:00","dateModified":"2024-12-16T11:35:31+00:00","breadcrumb":{"@id":"https:\/\/ceramicaferres.com\/en\/products\/emporda\/#breadcrumb"},"inLanguage":"en-US","potentialAction":[{"@type":"ReadAction","target":["https:\/\/ceramicaferres.com\/en\/products\/emporda\/"]}]},{"@type":"ImageObject","inLanguage":"en-US","@id":"https:\/\/ceramicaferres.com\/en\/products\/emporda\/#primaryimage","url":"https:\/\/ceramicaferres.com\/wp-content\/uploads\/2020\/11\/04_Ceramica_Ferres_Emporda.jpg","contentUrl":"https:\/\/ceramicaferres.com\/wp-content\/uploads\/2020\/11\/04_Ceramica_Ferres_Emporda.jpg","width":1666,"height":1216,"caption":"Empord\u00e0 \u2014 Blanco 23"},{"@type":"BreadcrumbList","@id":"https:\/\/ceramicaferres.com\/en\/products\/emporda\/#breadcrumb","itemListElement":[{"@type":"ListItem","position":1,"name":"Portada","item":"https:\/\/ceramicaferres.com\/en\/"},{"@type":"ListItem","position":2,"name":"Product","item":"https:\/\/ceramicaferres.com\/en\/products\/"},{"@type":"ListItem","position":3,"name":"Empord\u00e0"}]},{"@type":"WebSite","@id":"https:\/\/ceramicaferres.com\/en\/#website","url":"https:\/\/ceramicaferres.com\/en\/","name":"Cer\u00e0mica Ferr\u00e9s","description":"Just another WordPress site","potentialAction":[{"@type":"SearchAction","target":{"@type":"EntryPoint","urlTemplate":"https:\/\/ceramicaferres.com\/en\/?s={search_term_string}"},"query-input":{"@type":"PropertyValueSpecification","valueRequired":true,"valueName":"search_term_string"}}],"inLanguage":"en-US"}]}},"_links":{"self":[{"href":"https:\/\/ceramicaferres.com\/en\/wp-json\/wp\/v2\/product\/4011","targetHints":{"allow":["GET"]}}],"collection":[{"href":"https:\/\/ceramicaferres.com\/en\/wp-json\/wp\/v2\/product"}],"about":[{"href":"https:\/\/ceramicaferres.com\/en\/wp-json\/wp\/v2\/types\/product"}],"wp:featuredmedia":[{"embeddable":true,"href":"https:\/\/ceramicaferres.com\/en\/wp-json\/wp\/v2\/media\/2963"}],"wp:attachment":[{"href":"https:\/\/ceramicaferres.com\/en\/wp-json\/wp\/v2\/media?parent=4011"}],"wp:term":[{"taxonomy":"product_cat","embeddable":true,"href":"https:\/\/ceramicaferres.com\/en\/wp-json\/wp\/v2\/product_cat?post=4011"}],"curies":[{"name":"wp","href":"https:\/\/api.w.org\/{rel}","templated":true}]}}